{"id":3359,"date":"2025-11-16T15:17:10","date_gmt":"2025-11-16T15:17:10","guid":{"rendered":"https:\/\/dalvapasse.com\/?page_id=3359"},"modified":"2026-02-01T17:02:59","modified_gmt":"2026-02-01T17:02:59","slug":"imagem-pessoal","status":"publish","type":"page","link":"https:\/\/dalvapasse.com\/en\/imagem-pessoal\/","title":{"rendered":"Imagem Pessoal"},"content":{"rendered":"<p>[vc_row][vc_column][vc_column_text]<\/p>\n<p data-start=\"440\" data-end=\"816\">A imagem pessoal \u00e9 muito mais do que aquilo que vestimos. \u00c9 a forma como ocupamos espa\u00e7o, a energia que transmitimos e a mensagem que deixamos antes mesmo de falar. \u00c9 presen\u00e7a, identidade, inten\u00e7\u00e3o e consist\u00eancia. Quando est\u00e1 alinhada com quem somos, tudo \u00e0 nossa volta se torna mais claro: as escolhas fazem sentido, o estilo torna-se natural e a confian\u00e7a surge com fluidez.<\/p>\n<p data-start=\"818\" data-end=\"1170\">Nesta p\u00e1gina encontras solu\u00e7\u00f5es completas para transformar a tua imagem de dentro para fora. Cada pacote foi criado para responder a diferentes fases e necessidades da tua jornada: desde descobrir o teu estilo real, renovar o guarda-roupa, montar looks funcionais para o dia a dia, at\u00e9 viver uma transforma\u00e7\u00e3o completa com acompanhamento personalizado.<\/p>\n<p data-start=\"1172\" data-end=\"1506\">Aqui, o processo \u00e9 feito com cuidado, t\u00e9cnica e sensibilidade. Dalva Passe analisa a tua ess\u00eancia, o teu ritmo de vida e os teus objetivos para construir uma imagem aut\u00eantica, elegante e pr\u00e1tica. A miss\u00e3o \u00e9 ajudar-te a vestir quem \u00e9s, comunicar com clareza e sentir que a tua presen\u00e7a reflete exatamente aquilo que desejas transmitir.<\/p>\n<p data-start=\"1508\" data-end=\"1719\">Este \u00e9 o ponto de partida para uma nova vers\u00e3o de ti mesma. Uma vers\u00e3o que entende o seu estilo, que sabe o que funciona, que sente confian\u00e7a em cada detalhe e que se apresenta ao mundo com inten\u00e7\u00e3o e prop\u00f3sito.<\/p>\n<p>[\/vc_column_text][vc_separator style=&#8221;dashed&#8221;][\/vc_column][\/vc_row][vc_row][vc_column]<div id=\"sc_title_1868127235\"\r\n\t\tclass=\"sc_title color_style_default sc_title_default\"><h6 class=\"sc_item_subtitle sc_title_subtitle sc_align_center sc_item_title_style_default\">Entre em contacto em caso de d\u00favidas<\/h6><h3 class=\"sc_item_title sc_title_title sc_align_center sc_item_title_style_default\">Pacotes<\/h3><\/div><!-- \/.sc_title -->[vc_empty_space height=&#8221;&#8221; alter_height=&#8221;medium&#8221; hide_on_desktop=&#8221;&#8221; hide_on_notebook=&#8221;&#8221; hide_on_tablet=&#8221;&#8221; hide_on_mobile=&#8221;&#8221;]<div  id=\"sc_price_333002553\" \n\tclass=\"sc_price color_style_default sc_price_default\"><div class=\"sc_price_columns_wrap sc_item_columns trx_addons_columns_wrap columns_padding_bottom\"><div class=\"trx_addons_column-1_3\"><div class=\"sc_price_item sc_price_item_default with_image with_bg_color\" style=\"background-color:#ffffff;\">\n\t\t\t\t\t\t\t<div class=\"sc_price_item_mask\"><\/div>\n\t\t\t\t<div class=\"sc_price_item_inner\">\n\t\t\t\t<div class=\"sc_price_item_info\"><h6 class=\"sc_price_item_subtitle\"><span>Pacote 1<\/span><\/h6><h4 class=\"sc_price_item_title_\"><span>Descoberta de Estilo<\/span><\/h4><div class=\"sc_price_item_description\"><span>Para quem quer compreender a pr\u00f3pria imagem e descobrir o seu estilo real.<\/span><\/div><div class=\"sc_price_item_price\"><span class=\"sc_price_item_price_value\">9<\/span><span class=\"sc_price_item_price_decimals\">.850,00 MZN<\/span><\/div><div class=\"sc_price_item_details\"><ul class=\"trx_addons_list trx_addons_list_dot\" style=\"text-align:left\">\n\n<li>Entrevista de estilo<\/li>\n\n<li>Teste de estilo<\/li>\n\n<li>An\u00e1lise de morfologia<\/li>\n\n<li>Dura\u00e7\u00e3o: 2 horas (1 sess\u00e3o)<\/li>\n\n<\/ul><\/div><a href=\"https:\/\/api.whatsapp.com\/send?phone=258+258%2084%20802%200187&#038;text=Quero%20ajuda!Venho%20do%20website.\" target=\"_blank\" class=\"sc_price_item_link sc_button\">Quero come\u00e7ar<\/a><\/div><!-- \/.sc_price_item_info --><\/div><!-- \/.sc_price_item_inner --><\/div><\/div><div class=\"trx_addons_column-1_3\"><div class=\"sc_price_item sc_price_item_default with_image with_bg_color\" style=\"background-color:#eecdc8;\">\n\t\t\t\t\t\t\t<div class=\"sc_price_item_mask\"><\/div>\n\t\t\t\t<div class=\"sc_price_item_inner\">\n\t\t\t\t<div class=\"sc_price_item_info\"><h6 class=\"sc_price_item_subtitle\"><span>Pacote 2  - Presencial<\/span><\/h6><h4 class=\"sc_price_item_title_\"><span>Renova\u00e7\u00e3o de Guarda-Roupa<\/span><\/h4><div class=\"sc_price_item_description\"><span>Uma imers\u00e3o de tr\u00eas dias para renovar o teu guarda-roupa com inten\u00e7\u00e3o. Este processo redefine a forma como te vestes, elimina excessos e devolve clareza ao teu estilo.<\/span><\/div><div class=\"sc_price_item_price\"><span class=\"sc_price_item_price_value\">38,000<\/span><span class=\"sc_price_item_price_decimals\">.00 MZN<\/span><\/div><div class=\"sc_price_item_details\"><ul class=\"trx_addons_list trx_addons_list_dot\" style=\"text-align:left\">\n\n<li>Teste de estilo<\/li>\n\n<li>An\u00e1lise de morfologia<\/li>\n\n<li>Detox do arm\u00e1rio durante 3 dias<\/li>\n\n<li>Selec\u00e7\u00e3o das pe\u00e7as no vestu\u00e1rio<\/li>\n\n<li>Lista Inicial de necessidades<\/li>\n\n<li>Entrega do dossi\u00ea de estilo<\/li>\n\n<li>Online \u2014 27,000.00 MZN<\/li>\n\n<\/ul><\/div><a href=\"https:\/\/api.whatsapp.com\/send?phone=258+258%2084%20802%200187&#038;text=Quero%20ajuda!Venho%20do%20website.\" target=\"_blank\" class=\"sc_price_item_link sc_button\">Quero renovar<\/a><\/div><!-- \/.sc_price_item_info --><\/div><!-- \/.sc_price_item_inner --><\/div><\/div><div class=\"trx_addons_column-1_3\"><div class=\"sc_price_item sc_price_item_default with_image with_bg_color\" style=\"background-color:#ffffff;\">\n\t\t\t\t\t\t\t<div class=\"sc_price_item_mask\"><\/div>\n\t\t\t\t<div class=\"sc_price_item_inner\">\n\t\t\t\t<div class=\"sc_price_item_info\"><h6 class=\"sc_price_item_subtitle\"><span>Pacote 3<\/span><\/h6><h4 class=\"sc_price_item_title_\"><span>Curadoria de Estilo<\/span><\/h4><div class=\"sc_price_item_description\"><span>Para quem deseja renovar o guarda-roupa com inten\u00e7\u00e3o e aprender a vestir-se com mais eleg\u00e2ncia e clareza visual.<\/span><\/div><div class=\"sc_price_item_price\"><span class=\"sc_price_item_price_value\">58,000<\/span><span class=\"sc_price_item_price_decimals\">.00 MZN<\/span><\/div><div class=\"sc_price_item_details\"><ul class=\"trx_addons_list trx_addons_list_dot\" style=\"text-align:left\">\n\n<li>Teste de estilo e an\u00e1lise de morfologia<\/li>\n\n<li>Detox do arm\u00e1rio durante 3 dias<\/li>\n\n<li>Personal Shopper e curadoria em loja<\/li>\n\n<li>Lista de compras detalhada<\/li>\n\n<li>Entrega do dossi\u00ea de estilo<\/li>\n\n<li>Dura\u00e7\u00e3o: - 3 dias de detox; <br>\n\t- 5 a 7 dias entre personal shopper, pesquisa e montagem dos 7 looks;\n\t- 1 dia de entrega do dossi\u00ea.\n(Processo completo de 10 a 12 dias de acompanhamento)<\/li>\n\n<\/ul><\/div><a href=\"https:\/\/api.whatsapp.com\/send?phone=258+258%2084%20802%200187&#038;text=Quero%20ajuda!Venho%20do%20website.\" target=\"_blank\" class=\"sc_price_item_link sc_button\">Quero a curadoria<\/a><\/div><!-- \/.sc_price_item_info --><\/div><!-- \/.sc_price_item_inner --><\/div><\/div><\/div><\/div><!-- \/.sc_price --><div  id=\"sc_price_194330316\" \n\tclass=\"sc_price color_style_link2 sc_price_special\"><div class=\"sc_price_columns_wrap sc_item_columns trx_addons_columns_wrap columns_padding_bottom\"><div class=\"trx_addons_column-1_2\"><div class=\"sc_price_item sc_price_item_special with_image with_bg_color\" style=\"background-color:#ffffff;\">\n\t\t\t\t\t\t\t<div class=\"sc_price_item_mask\"><\/div>\n\t\t\t\t<div class=\"sc_price_item_inner\">\n\t\t\t\t<div class=\"sc_price_item_info\"><h6 class=\"sc_price_item_subtitle\"><span>Pacote 4<\/span><\/h6><h3 class=\"sc_price_item_title\"><span>Imagem Premium<\/span><\/h3><div class=\"sc_price_item_description\"><span>Uma imers\u00e3o premium para quem deseja transformar a imagem de forma profunda, intencional e alinhada \u00e0 sua ess\u00eancia.<\/span><\/div><div class=\"sc_price_item_price\"><span class=\"sc_price_item_price_value\">74<\/span><span class=\"sc_price_item_price_decimals\">000,00 MZN<\/span><\/div><div class=\"sc_price_item_details\"><ul class=\"trx_addons_list trx_addons_list_dot\" style=\"text-align:left\">\n\n<li>Teste de estilo<\/li>\n\n<li>An\u00e1lise de morfologia<\/li>\n\n<li>Detox do arm\u00e1rio durante 3 dias<\/li>\n\n<li>Personal Shopper<\/li>\n\n<li>Montagem de 15 looks completos<\/li>\n\n<li>Lista de compras refinada<\/li>\n\n<li>Entrega do dossi\u00ea de estilo<\/li>\n\n<li>Dura\u00e7\u00e3o: \n- 3 dias de detox <br>\n- 7 a 10 dias entre personal shopper, pesquisa e montagem dos 15 looks\n- 1 dia de entrega do dossi\u00ea\n\n(Processo completo de 12 a 14 dias de acompanhamento)<\/li>\n\n<\/ul><\/div><a href=\"https:\/\/api.whatsapp.com\/send?phone=258+258%2084%20802%200187&#038;text=Quero%20ajuda!Venho%20do%20website.\" class=\"sc_price_item_link sc_button\">Quero a minha transforma\u00e7\u00e3o<\/a><\/div><!-- \/.sc_price_item_info --><\/div><!-- \/.sc_price_item_inner --><\/div><\/div><div class=\"trx_addons_column-1_2\"><div class=\"sc_price_item sc_price_item_special with_image with_bg_color\" style=\"background-color:#eecdc8;\">\n\t\t\t\t\t\t\t<div class=\"sc_price_item_mask\"><\/div>\n\t\t\t\t<div class=\"sc_price_item_inner\">\n\t\t\t\t<div class=\"sc_price_item_info\"><h6 class=\"sc_price_item_subtitle\"><span>(Contrato m\u00ednimo de 3 meses)<\/span><\/h6><h3 class=\"sc_price_item_title\"><span>Assinatura Mensal de Styling<\/span><\/h3><div class=\"sc_price_item_description\"><span>Um acompanhamento cont\u00ednuo para manter o teu estilo atualizado e alinhado \u00e0 tua agenda, esta\u00e7\u00e3o e rotina real. <\/span><\/div><div class=\"sc_price_item_price\"><span class=\"sc_price_item_price_value\">35,000<\/span><span class=\"sc_price_item_price_decimals\">00 MZN<\/span><\/div><div class=\"sc_price_item_details\"><ul class=\"trx_addons_list trx_addons_list_dot\" style=\"text-align:left\">\n\n<li>Consultas mensal de estilo<\/li>\n\n<li>Atualiza\u00e7\u00e3o de looks<\/li>\n\n<li>Curadoria em loja e online<\/li>\n\n<li>Acesso priorit\u00e1rio para ajustes e orienta\u00e7\u00f5es\nIdeal para mulheres que desejam consist\u00eancia, eleg\u00e2ncia e presen\u00e7a todos os meses.<\/li>\n\n<\/ul><\/div><a href=\"https:\/\/api.whatsapp.com\/send?phone=258+258%2084%20802%200187&#038;text=Quero%20ajuda!Venho%20do%20website.\" class=\"sc_price_item_link sc_button\">Quero o meu stylist pessoal<\/a><\/div><!-- \/.sc_price_item_info --><\/div><!-- \/.sc_price_item_inner --><\/div><\/div><\/div><\/div><!-- \/.sc_price -->[\/vc_column][\/vc_row][vc_row][vc_column][vc_raw_html]JTVCZmx1ZW50Zm9ybSUyMGlkJTNEJTIyMyUyMiU1RA==[\/vc_raw_html][\/vc_column][\/vc_row]<\/p>\n","protected":false},"excerpt":{"rendered":"<p>[vc_row][vc_column][vc_column_text] A imagem pessoal \u00e9 muito mais do que aquilo que vestimos. \u00c9 a forma como ocupamos espa\u00e7o, a energia que transmitimos e a mensagem que deixamos antes mesmo de falar. \u00c9 presen\u00e7a, identidade, inten\u00e7\u00e3o e consist\u00eancia. Quando est\u00e1 alinhada&hellip;<\/p>\n","protected":false},"author":1,"featured_media":0,"parent":0,"menu_order":0,"comment_status":"closed","ping_status":"closed","template":"","meta":{"footnotes":""},"class_list":["post-3359","page","type-page","status-publish","hentry"],"_hostinger_reach_plugin_has_subscription_block":false,"_hostinger_reach_plugin_is_elementor":false,"_links":{"self":[{"href":"https:\/\/dalvapasse.com\/en\/wp-json\/wp\/v2\/pages\/3359","targetHints":{"allow":["GET"]}}],"collection":[{"href":"https:\/\/dalvapasse.com\/en\/wp-json\/wp\/v2\/pages"}],"about":[{"href":"https:\/\/dalvapasse.com\/en\/wp-json\/wp\/v2\/types\/page"}],"author":[{"embeddable":true,"href":"https:\/\/dalvapasse.com\/en\/wp-json\/wp\/v2\/users\/1"}],"replies":[{"embeddable":true,"href":"https:\/\/dalvapasse.com\/en\/wp-json\/wp\/v2\/comments?post=3359"}],"version-history":[{"count":9,"href":"https:\/\/dalvapasse.com\/en\/wp-json\/wp\/v2\/pages\/3359\/revisions"}],"predecessor-version":[{"id":3391,"href":"https:\/\/dalvapasse.com\/en\/wp-json\/wp\/v2\/pages\/3359\/revisions\/3391"}],"wp:attachment":[{"href":"https:\/\/dalvapasse.com\/en\/wp-json\/wp\/v2\/media?parent=3359"}],"curies":[{"name":"wp","href":"https:\/\/api.w.org\/{rel}","templated":true}]}}