{"id":34,"date":"2017-08-17T14:00:00","date_gmt":"2017-08-17T14:00:00","guid":{"rendered":"https:\/\/dalvapasse.com\/?page_id=34"},"modified":"2026-02-01T16:41:14","modified_gmt":"2026-02-01T16:41:14","slug":"sobre-mim","status":"publish","type":"page","link":"https:\/\/dalvapasse.com\/en\/sobre-mim\/","title":{"rendered":"Sobre Mim"},"content":{"rendered":"<p>[vc_row][vc_column width=&#8221;2\/12&#8243;][\/vc_column][vc_column width=&#8221;8\/12&#8243;][vc_row_inner equal_height=&#8221;yes&#8221;][vc_column_inner width=&#8221;5\/6&#8243; hide_bg_image_on_tablet=&#8221;&#8221; hide_bg_image_on_mobile=&#8221;&#8221; css=&#8221;.vc_custom_1662480526301{padding-top: 0px !important;padding-right: 0px !important;padding-bottom: 0px !important;padding-left: 0px !important;}&#8221;]<div id=\"sc_content_1515966825\"\r\n\t\tclass=\"sc_content color_style_default sc_content_default sc_float_center\"><div class=\"sc_content_container\">[vc_single_image image=&#8221;3184&#8243; img_size=&#8221;full&#8221; alignment=&#8221;right&#8221;]<\/div><\/div><!-- \/.sc_content -->[\/vc_column_inner][vc_column_inner width=&#8221;1\/6&#8243; fix_column=&#8221;&#8221; shift_y=&#8221;tiny&#8221; hide_bg_image_on_tablet=&#8221;&#8221; hide_bg_image_on_mobile=&#8221;&#8221; css=&#8221;.vc_custom_1662481842919{padding-top: 0px !important;padding-right: 0px !important;padding-bottom: 0px !important;padding-left: 0px !important;background-color: #ffffff !important;}&#8221;][vc_empty_space hide_on_desktop=&#8221;&#8221; hide_on_notebook=&#8221;&#8221; hide_on_tablet=&#8221;&#8221; hide_on_mobile=&#8221;&#8221;][\/vc_column_inner][\/vc_row_inner][vc_row_inner equal_height=&#8221;yes&#8221; hide_bg_image_on_tablet=&#8221;&#8221; hide_bg_image_on_mobile=&#8221;&#8221;][vc_column_inner width=&#8221;1\/6&#8243; hide_bg_image_on_tablet=&#8221;&#8221; hide_bg_image_on_mobile=&#8221;&#8221; icons_position=&#8221;left&#8221;][\/vc_column_inner][vc_column_inner width=&#8221;1\/12&#8243; hide_bg_image_on_tablet=&#8221;&#8221; hide_bg_image_on_mobile=&#8221;&#8221; css=&#8221;.vc_custom_1662532961334{background-color: #ffffff !important;}&#8221;][\/vc_column_inner][vc_column_inner width=&#8221;2\/3&#8243; hide_bg_image_on_tablet=&#8221;&#8221; hide_bg_image_on_mobile=&#8221;&#8221; css=&#8221;.vc_custom_1662533225518{background-color: #ffffff !important;}&#8221;][vc_tta_tabs shape=&#8221;square&#8221; alignment=&#8221;center&#8221; active_section=&#8221;1&#8243; no_fill_content_area=&#8221;true&#8221; css=&#8221;.vc_custom_1512737022855{background-color: #ffffff !important;}&#8221;][vc_tta_section title=&#8221;Quem eu sou?&#8221; tab_id=&#8221;1763298518211-b1bc48f2-c418&#8243;][vc_column_text]<\/p>\n<div style=\"column-count: 2;\">\n<p data-start=\"298\" data-end=\"663\"><strong data-start=\"298\" data-end=\"663\">Dalva Passe \u00e9 consultora de imagem, personal stylist e criadora de conte\u00fado digital, reconhecida como uma das vozes mais influentes no universo da moda, beleza e lifestyle em Mo\u00e7ambique. Com uma trajet\u00f3ria iniciada em 2012, Dalva soma mais de 13 anos de experi\u00eancia no mercado, desenvolvendo uma abordagem \u00fanica que combina est\u00e9tica, comportamento e estrat\u00e9gia.<\/strong><\/p>\n<p data-start=\"665\" data-end=\"1063\">Apaixonada por moda e comunica\u00e7\u00e3o, Dalva acredita que estilo \u00e9 uma ferramenta poderosa de express\u00e3o pessoal. O seu trabalho vai al\u00e9m da escolha de roupa: envolve leitura de identidade, compreens\u00e3o de objetivos e constru\u00e7\u00e3o de uma imagem que comunica confian\u00e7a, inten\u00e7\u00e3o e autenticidade. A sua miss\u00e3o \u00e9 simples e profunda, ajudar cada pessoa a alinhar quem \u00e9 com a forma como se apresenta ao mundo.<\/p>\n<p data-start=\"1065\" data-end=\"1419\">Ao longo de mais de uma d\u00e9cada de atua\u00e7\u00e3o, Dalva especializou-se em consultoria de imagem, styling pessoal, acompanhamento para eventos, personal shopping, curadoria de looks e orienta\u00e7\u00e3o de beleza. A sua abordagem \u00e9 t\u00e9cnica, sens\u00edvel e altamente personalizada, garantindo que cada cliente se sinta representado, elegante e confiante em qualquer ocasi\u00e3o.<\/p>\n<p data-start=\"1421\" data-end=\"1846\">Como criadora de conte\u00fado, Dalva desenvolveu uma comunidade s\u00f3lida e engajada, ultrapassando 74 mil seguidores nas redes sociais. O seu perfil destaca-se por uma est\u00e9tica limpa, refinada e inspiradora, onde partilha temas como moda, lifestyle, autocuidado, empreendedorismo e bem-estar. A sua audi\u00eancia, maioritariamente feminina e urbana, identifica-se com a sua presen\u00e7a genu\u00edna e o seu olhar moderno sobre estilo e vida.<\/p>\n<p data-start=\"1848\" data-end=\"2048\">Reconhecida pelo profissionalismo, coer\u00eancia visual e capacidade de transformar perce\u00e7\u00f5es, Dalva Passe tornou-se refer\u00eancia na constru\u00e7\u00e3o de imagem pessoal e no empoderamento feminino em Mo\u00e7ambique.<\/p>\n<p data-start=\"2050\" data-end=\"2163\"><strong data-start=\"2050\" data-end=\"2163\">Para ela, estilo n\u00e3o \u00e9 sobre tend\u00eancias \u00e9 sobre comunicar quem somos, mesmo quando n\u00e3o dizemos uma palavra.<\/strong><\/p>\n<\/div>\n<p>[\/vc_column_text][\/vc_tta_section][\/vc_tta_tabs][vc_empty_space height=&#8221;60px&#8221; alter_height=&#8221;none&#8221; hide_on_desktop=&#8221;1&#8243; hide_on_notebook=&#8221;1&#8243; hide_on_tablet=&#8221;&#8221; hide_on_mobile=&#8221;&#8221;][\/vc_column_inner][vc_column_inner width=&#8221;1\/12&#8243; hide_bg_image_on_tablet=&#8221;&#8221; hide_bg_image_on_mobile=&#8221;&#8221; css=&#8221;.vc_custom_1662532940947{background-color: #ffffff !important;}&#8221;][\/vc_column_inner][\/vc_row_inner][vc_empty_space height=&#8221;92px&#8221; hide_on_desktop=&#8221;&#8221; hide_on_notebook=&#8221;&#8221; hide_on_tablet=&#8221;&#8221; hide_on_mobile=&#8221;&#8221;][vc_empty_space height=&#8221;92px&#8221; hide_on_desktop=&#8221;&#8221; hide_on_notebook=&#8221;&#8221; hide_on_tablet=&#8221;&#8221; hide_on_mobile=&#8221;&#8221;][vc_empty_space height=&#8221;92px&#8221; hide_on_desktop=&#8221;&#8221; hide_on_notebook=&#8221;&#8221; hide_on_tablet=&#8221;&#8221; hide_on_mobile=&#8221;&#8221;][vc_empty_space height=&#8221;92px&#8221; hide_on_desktop=&#8221;&#8221; hide_on_notebook=&#8221;&#8221; hide_on_tablet=&#8221;&#8221; hide_on_mobile=&#8221;&#8221;][vc_empty_space height=&#8221;92px&#8221; hide_on_desktop=&#8221;&#8221; hide_on_notebook=&#8221;&#8221; hide_on_tablet=&#8221;&#8221; hide_on_mobile=&#8221;&#8221;][vc_empty_space height=&#8221;92px&#8221; hide_on_desktop=&#8221;&#8221; hide_on_notebook=&#8221;&#8221; hide_on_tablet=&#8221;&#8221; hide_on_mobile=&#8221;&#8221;][\/vc_column][vc_column width=&#8221;2\/12&#8243;][\/vc_column][\/vc_row][vc_row hide_bg_image_on_tablet=&#8221;&#8221; hide_bg_image_on_mobile=&#8221;&#8221; css=&#8221;.vc_custom_1527064097807{margin-right: 0px !important;margin-left: 0px !important;}&#8221;][vc_column][vc_row_inner][vc_column_inner width=&#8221;1\/12&#8243;][\/vc_column_inner][vc_column_inner width=&#8221;5\/6&#8243; hide_bg_image_on_tablet=&#8221;&#8221; hide_bg_image_on_mobile=&#8221;&#8221; css=&#8221;.vc_custom_1719916138616{background-image: url(https:\/\/dalvapasse.com\/wp-content\/uploads\/2017\/08\/bg-3.jpg?id=373) !important;background-position: top center !important;background-repeat: no-repeat !important;background-size: cover !important;}&#8221;][vc_empty_space height=&#8221;75px&#8221; alter_height=&#8221;none&#8221; hide_on_desktop=&#8221;&#8221; hide_on_notebook=&#8221;&#8221; hide_on_tablet=&#8221;1&#8243; hide_on_mobile=&#8221;1&#8243;][vc_empty_space height=&#8221;60px&#8221; alter_height=&#8221;none&#8221; hide_on_desktop=&#8221;1&#8243; hide_on_notebook=&#8221;1&#8243; hide_on_tablet=&#8221;&#8221; hide_on_mobile=&#8221;&#8221;]<div id=\"sc_skills_896272316\"\r\n\t\tclass=\"sc_skills sc_skills_counter  vc_custom_1763299181164\"\r\n\t\t\t\tdata-type=\"counter\"\r\n\t\t><div class=\"sc_skills_columns sc_item_columns trx_addons_columns_wrap columns_padding_bottom\"><div class=\"sc_skills_column trx_addons_column-1_3\"><div class=\"sc_skills_item_wrap\"><div class=\"sc_skills_item\"><div class=\"sc_skills_icon icon-diamond-light\"><\/div><div class=\"sc_skills_total\" data-start=\"0\" data-stop=\"+15\" data-step=\"10.39\" data-max=\"1039\" data-speed=\"26\" data-duration=\"38\" data-ed=\"\">0<\/div><\/div><div class=\"sc_skills_item_title\">Marcas Associadas<\/div><\/div><\/div><div class=\"sc_skills_column trx_addons_column-1_3\"><div class=\"sc_skills_item_wrap\"><div class=\"sc_skills_item\"><div class=\"sc_skills_icon icon-users-group\"><\/div><div class=\"sc_skills_total\" data-start=\"0\" data-stop=\"+50\" data-step=\"10.39\" data-max=\"1039\" data-speed=\"25\" data-duration=\"120\" data-ed=\"\">0<\/div><\/div><div class=\"sc_skills_item_title\">Clientes Felizes<\/div><\/div><\/div><div class=\"sc_skills_column trx_addons_column-1_3\"><div class=\"sc_skills_item_wrap\"><div class=\"sc_skills_item\"><div class=\"sc_skills_icon icon-refresh\"><\/div><div class=\"sc_skills_total\" data-start=\"0\" data-stop=\"5\" data-step=\"10.39\" data-max=\"1039\" data-speed=\"32\" data-duration=\"15\" data-ed=\"\">0<\/div><\/div><div class=\"sc_skills_item_title\">Op\u00e7\u00f5es de Servi\u00e7os<\/div><\/div><\/div><\/div><\/div>[vc_empty_space height=&#8221;45px&#8221; alter_height=&#8221;none&#8221; hide_on_desktop=&#8221;&#8221; hide_on_notebook=&#8221;&#8221; hide_on_tablet=&#8221;1&#8243; hide_on_mobile=&#8221;1&#8243;][\/vc_column_inner][vc_column_inner width=&#8221;1\/12&#8243;][\/vc_column_inner][\/vc_row_inner][\/vc_column][\/vc_row]<\/p>\n","protected":false},"excerpt":{"rendered":"<p>[vc_row][vc_column width=&#8221;2\/12&#8243;][\/vc_column][vc_column width=&#8221;8\/12&#8243;][vc_row_inner equal_height=&#8221;yes&#8221;][vc_column_inner width=&#8221;5\/6&#8243; hide_bg_image_on_tablet=&#8221;&#8221; hide_bg_image_on_mobile=&#8221;&#8221; css=&#8221;.vc_custom_1662480526301{padding-top: 0px !important;padding-right: 0px !important;padding-bottom: 0px !important;padding-left: 0px !important;}&#8221;][\/vc_column_inner][vc_column_inner width=&#8221;1\/6&#8243; fix_column=&#8221;&#8221; shift_y=&#8221;tiny&#8221; hide_bg_image_on_tablet=&#8221;&#8221; hide_bg_image_on_mobile=&#8221;&#8221; css=&#8221;.vc_custom_1662481842919{padding-top: 0px !important;padding-right: 0px !important;padding-bottom: 0px !important;padding-left: 0px !important;background-color: #ffffff !important;}&#8221;][vc_empty_space hide_on_desktop=&#8221;&#8221; hide_on_notebook=&#8221;&#8221; hide_on_tablet=&#8221;&#8221; hide_on_mobile=&#8221;&#8221;][\/vc_column_inner][\/vc_row_inner][vc_row_inner equal_height=&#8221;yes&#8221; hide_bg_image_on_tablet=&#8221;&#8221; hide_bg_image_on_mobile=&#8221;&#8221;][vc_column_inner width=&#8221;1\/6&#8243;&hellip;<\/p>\n","protected":false},"author":1,"featured_media":0,"parent":0,"menu_order":0,"comment_status":"closed","ping_status":"closed","template":"","meta":{"footnotes":""},"class_list":["post-34","page","type-page","status-publish","hentry"],"_hostinger_reach_plugin_has_subscription_block":false,"_hostinger_reach_plugin_is_elementor":false,"_links":{"self":[{"href":"https:\/\/dalvapasse.com\/en\/wp-json\/wp\/v2\/pages\/34","targetHints":{"allow":["GET"]}}],"collection":[{"href":"https:\/\/dalvapasse.com\/en\/wp-json\/wp\/v2\/pages"}],"about":[{"href":"https:\/\/dalvapasse.com\/en\/wp-json\/wp\/v2\/types\/page"}],"author":[{"embeddable":true,"href":"https:\/\/dalvapasse.com\/en\/wp-json\/wp\/v2\/users\/1"}],"replies":[{"embeddable":true,"href":"https:\/\/dalvapasse.com\/en\/wp-json\/wp\/v2\/comments?post=34"}],"version-history":[{"count":7,"href":"https:\/\/dalvapasse.com\/en\/wp-json\/wp\/v2\/pages\/34\/revisions"}],"predecessor-version":[{"id":3386,"href":"https:\/\/dalvapasse.com\/en\/wp-json\/wp\/v2\/pages\/34\/revisions\/3386"}],"wp:attachment":[{"href":"https:\/\/dalvapasse.com\/en\/wp-json\/wp\/v2\/media?parent=34"}],"curies":[{"name":"wp","href":"https:\/\/api.w.org\/{rel}","templated":true}]}}